{"id":16,"date":"2022-01-25T22:34:44","date_gmt":"2022-01-25T22:34:44","guid":{"rendered":"https:\/\/lasschata.pl\/?page_id=16"},"modified":"2023-02-16T04:47:07","modified_gmt":"2023-02-16T04:47:07","slug":"lasschata","status":"publish","type":"page","link":"https:\/\/lasschata.pl\/","title":{"rendered":"LassChata"},"content":{"rendered":"\n<h2 class=\"has-text-align-center wp-block-heading\" id=\"domki-z-widokiem-na-tatry\">Domki z widokiem na Tatry&#8230;<\/h2>\n\n\n\n<p class=\"has-text-align-center\">Domki w najwy\u017cej po\u0142o\u017conej wsi w Polsce<br>z niezapomnianym widokiem na panoram\u0119 Tatr&#8230;<\/p>\n\n\n\n<p class=\"has-text-align-center\">Chcesz sp\u0119dzi\u0107 u nas mi\u0142e chwile? <br>Aby zarezerwowa\u0107 termin wizyty zadzwo\u0144:<\/p>\n\n\n\n<h3 class=\"has-text-align-center wp-block-heading\" id=\"tel-512-808-454\">TEL: 512 808 454<\/h3>\n\n\n\n<p class=\"has-text-align-center\">Wszystkie informacje o dost\u0119pnych u nas domkach znajdziesz w zak\u0142adce <br><a href=\"https:\/\/lasschata.pl\/?page_id=249\">DOMKI<\/a><\/p>\n\n\n\n<p class=\"has-text-align-center\">Informacje o cenach i rezerwacjach znajdziesz w zak\u0142adce<br><a href=\"https:\/\/lasschata.pl\/?page_id=196\">WA\u017bNE INFORMACJE<\/a><\/p>\n\n\n\n<p class=\"has-text-align-center\">Obejrzyj zdj\u0119cia w galerii<br><a href=\"https:\/\/lasschata.pl\/?page_id=21\">GALERIA<\/a><\/p>\n\n\n\n<p class=\"has-text-align-center\">Zaobserwuj nas na Facebooku i b\u0105d\u017a na bie\u017c\u0105co&#8230;<br><a rel=\"noreferrer noopener\" href=\"https:\/\/www.facebook.com\/LassChata\" target=\"_blank\">FACEBOOK<\/a><\/p>\n\n\n\n<h2 class=\"has-text-align-center wp-block-heading\">Sprawd\u017a dost\u0119pno\u015b\u0107:<\/h2>\n\n\n<p><iframe id=\"ra-reservation-form-v2-aa04d748d39604a76ed99d744d9992d3\" style=\"width: 100%; height:100px; border: none; padding: 0;\" src=\"https:\/\/roomadmin.pl\/widget\/reservation-v2\/start?fh=85bdcb9b059bb16894f405f7a01e04a6658e3391&#038;style=%7B%22color_accent%22%3A%22%23000000%22%2C%22color_bg%22%3A%22%23FFFFFF%22%7D&#038;\"><\/iframe> <script> try { (function () { var iframe = window.document.getElementById('ra-reservation-form-v2-aa04d748d39604a76ed99d744d9992d3'); function raMessageReceiver(event) { if (iframe) { if(!event.data.sender || \"reservation-form-aa04d748d39604a76ed99d744d9992d3\" !== event.data.sender){ return; } if (event.data.height) { iframe.style.height = (event.data.height + 10) + \"px\"; } if (event.data.event && event.data.event.name === \"widget.scrollup.requested\") { try { iframe.scrollIntoView({behavior: \"smooth\", block: \"start\"}); } catch(e) {} } if(event.data.event && event.data.event.name === \"reservation.submit.success\"){ \/*console.log(event.data.event.data.reservation); *\/ } if(event.data.event && event.data.event.name === \"reservation.variant-search.start\"){ \/*console.log(\"variant search started\"); *\/ } } } window.addEventListener(\"message\", raMessageReceiver, false); function setup() { try { iframe.contentWindow.postMessage({ location: window.location.toString(), setup: { autoHeight: true, senderName : \"reservation-form-aa04d748d39604a76ed99d744d9992d3\" } }, \"*\"); } catch (e) { } } setInterval(setup, 1000); iframe.addEventListener(\"load\", setup); })(); } catch (e) { console.error(e); } <\/script><\/p>\n","protected":false},"excerpt":{"rendered":"<p>Domki z widokiem na Tatry&#8230; Domki w najwy\u017cej po\u0142o\u017conej wsi w Polscez niezapomnianym widokiem na panoram\u0119 Tatr&#8230; Chcesz sp\u0119dzi\u0107 u nas mi\u0142e chwile? Aby zarezerwowa\u0107 termin wizyty zadzwo\u0144: TEL: 512 808 454 Wszystkie informacje o dost\u0119pnych u nas domkach znajdziesz w zak\u0142adce DOMKI Informacje o cenach i rezerwacjach znajdziesz w zak\u0142adceWA\u017bNE INFORMACJE Obejrzyj zdj\u0119cia w galeriiGALERIA Zaobserwuj nas na Facebooku i b\u0105d\u017a na bie\u017c\u0105co&#8230;FACEBOOK Sprawd\u017a dost\u0119pno\u015b\u0107:<\/p>\n","protected":false},"author":1,"featured_media":0,"parent":0,"menu_order":0,"comment_status":"closed","ping_status":"closed","template":"","meta":{"footnotes":""},"class_list":["post-16","page","type-page","status-publish","hentry"],"_links":{"self":[{"href":"https:\/\/lasschata.pl\/index.php?rest_route=\/wp\/v2\/pages\/16","targetHints":{"allow":["GET"]}}],"collection":[{"href":"https:\/\/lasschata.pl\/index.php?rest_route=\/wp\/v2\/pages"}],"about":[{"href":"https:\/\/lasschata.pl\/index.php?rest_route=\/wp\/v2\/types\/page"}],"author":[{"embeddable":true,"href":"https:\/\/lasschata.pl\/index.php?rest_route=\/wp\/v2\/users\/1"}],"replies":[{"embeddable":true,"href":"https:\/\/lasschata.pl\/index.php?rest_route=%2Fwp%2Fv2%2Fcomments&post=16"}],"version-history":[{"count":14,"href":"https:\/\/lasschata.pl\/index.php?rest_route=\/wp\/v2\/pages\/16\/revisions"}],"predecessor-version":[{"id":387,"href":"https:\/\/lasschata.pl\/index.php?rest_route=\/wp\/v2\/pages\/16\/revisions\/387"}],"wp:attachment":[{"href":"https:\/\/lasschata.pl\/index.php?rest_route=%2Fwp%2Fv2%2Fmedia&parent=16"}],"curies":[{"name":"wp","href":"https:\/\/api.w.org\/{rel}","templated":true}]}}