{"id":19,"date":"2022-01-25T22:35:08","date_gmt":"2022-01-25T22:35:08","guid":{"rendered":"https:\/\/lasschata.pl\/?page_id=19"},"modified":"2022-04-09T18:35:25","modified_gmt":"2022-04-09T18:35:25","slug":"kontakt","status":"publish","type":"page","link":"https:\/\/lasschata.pl\/?page_id=19","title":{"rendered":"Kontakt"},"content":{"rendered":"\t\t<div data-elementor-type=\"wp-page\" data-elementor-id=\"19\" class=\"elementor elementor-19\">\n\t\t\t\t\t\t<section class=\"elementor-section elementor-top-section elementor-element elementor-element-33329b0b elementor-section-boxed elementor-section-height-default elementor-section-height-default\" data-id=\"33329b0b\" data-element_type=\"section\" data-e-type=\"section\">\n\t\t\t\t\t\t<div class=\"elementor-container elementor-column-gap-default\">\n\t\t\t\t\t<div class=\"elementor-column elementor-col-100 elementor-top-column elementor-element elementor-element-1d21ce5f\" data-id=\"1d21ce5f\" data-element_type=\"column\" data-e-type=\"column\">\n\t\t\t<div class=\"elementor-widget-wrap elementor-element-populated\">\n\t\t\t\t\t\t<div class=\"elementor-element elementor-element-6d5be293 elementor-widget elementor-widget-text-editor\" data-id=\"6d5be293\" data-element_type=\"widget\" data-e-type=\"widget\" data-widget_type=\"text-editor.default\">\n\t\t\t\t<div class=\"elementor-widget-container\">\n\t\t\t\t\t\t\t\t\t\n<div class=\"wp-block-columns is-layout-flex wp-container-core-columns-is-layout-28f84493 wp-block-columns-is-layout-flex\">\n<div class=\"wp-block-column is-layout-flow wp-block-column-is-layout-flow\">\n<h4 class=\"has-text-align-center wp-block-heading\" id=\"potrzebujesz-wiecej-informacji-lub-chcesz-dokonac-rezerwacji-najlepiej-zadzwon\">Potrzebujesz wi\u0119cej informacji, lub chcesz dokona\u0107 rezerwacji&#8230;<br>najlepiej zadzwo\u0144:<\/h4>\n\n\n\n<h2 class=\"has-text-align-center has-vivid-red-color has-text-color wp-block-heading\" id=\"tel-512-808-454\">TEL: 512 808 454<\/h2>\n\n\n\n<h4 class=\"has-text-align-center wp-block-heading\" id=\"lub-napisz\">lub napisz:<\/h4>\n\n\n\n<h2 class=\"has-text-align-center has-vivid-red-color has-text-color wp-block-heading\" id=\"monik-lass-wp-pl\">monik.lass@wp.pl<\/h2>\n\n\n\n<h4 class=\"has-text-align-center wp-block-heading\" id=\"lasschataul-szlak-papieski-17934-521-zab\">LassChata<br>ul. Szlak Papieski 179<br>34-521 Z\u0105b<\/h4>\n<\/div>\n<\/div>\n\n\n\n<div class=\"wp-block-image\"><figure class=\"aligncenter size-full is-resized\"><img fetchpriority=\"high\" decoding=\"async\" src=\"https:\/\/lasschata.pl\/wp-content\/uploads\/2022\/01\/cropped-Zielone-i-Bezowe-Sosna-Schludne-i-Nowoczesne-Nieruchomosci-Logo-2-1.png\" alt=\"\" class=\"wp-image-15\" width=\"500\" height=\"500\" srcset=\"https:\/\/lasschata.pl\/wp-content\/uploads\/2022\/01\/cropped-Zielone-i-Bezowe-Sosna-Schludne-i-Nowoczesne-Nieruchomosci-Logo-2-1.png 500w, https:\/\/lasschata.pl\/wp-content\/uploads\/2022\/01\/cropped-Zielone-i-Bezowe-Sosna-Schludne-i-Nowoczesne-Nieruchomosci-Logo-2-1-300x300.png 300w, https:\/\/lasschata.pl\/wp-content\/uploads\/2022\/01\/cropped-Zielone-i-Bezowe-Sosna-Schludne-i-Nowoczesne-Nieruchomosci-Logo-2-1-150x150.png 150w, https:\/\/lasschata.pl\/wp-content\/uploads\/2022\/01\/cropped-Zielone-i-Bezowe-Sosna-Schludne-i-Nowoczesne-Nieruchomosci-Logo-2-1-100x100.png 100w\" sizes=\"(max-width: 500px) 100vw, 500px\" \/><\/figure><\/div>\n\t\t\t\t\t\t\t\t<\/div>\n\t\t\t\t<\/div>\n\t\t\t\t<div class=\"elementor-element elementor-element-2839ad4 elementor-invisible elementor-widget elementor-widget-google_maps\" data-id=\"2839ad4\" data-element_type=\"widget\" data-e-type=\"widget\" data-settings=\"{&quot;_animation&quot;:&quot;zoomIn&quot;}\" data-widget_type=\"google_maps.default\">\n\t\t\t\t<div class=\"elementor-widget-container\">\n\t\t\t\t\t\t\t<div class=\"elementor-custom-embed\">\n\t\t\t<iframe loading=\"lazy\"\n\t\t\t\t\tsrc=\"https:\/\/maps.google.com\/maps?q=Z%C4%85b%20Szlak%20Papieski%20179&#038;t=m&#038;z=11&#038;output=embed&#038;iwloc=near\"\n\t\t\t\t\ttitle=\"Z\u0105b Szlak Papieski 179\"\n\t\t\t\t\taria-label=\"Z\u0105b Szlak Papieski 179\"\n\t\t\t><\/iframe>\n\t\t<\/div>\n\t\t\t\t\t\t<\/div>\n\t\t\t\t<\/div>\n\t\t\t\t\t<\/div>\n\t\t<\/div>\n\t\t\t\t\t<\/div>\n\t\t<\/section>\n\t\t\t\t<\/div>\n\t\t","protected":false},"excerpt":{"rendered":"<p>Potrzebujesz wi\u0119cej informacji, lub chcesz dokona\u0107 rezerwacji&#8230;najlepiej zadzwo\u0144: TEL: 512 808 454 lub napisz: monik.lass@wp.pl LassChataul. Szlak Papieski 17934-521 Z\u0105b<\/p>\n","protected":false},"author":1,"featured_media":0,"parent":0,"menu_order":0,"comment_status":"closed","ping_status":"closed","template":"","meta":{"footnotes":""},"class_list":["post-19","page","type-page","status-publish","hentry"],"_links":{"self":[{"href":"https:\/\/lasschata.pl\/index.php?rest_route=\/wp\/v2\/pages\/19","targetHints":{"allow":["GET"]}}],"collection":[{"href":"https:\/\/lasschata.pl\/index.php?rest_route=\/wp\/v2\/pages"}],"about":[{"href":"https:\/\/lasschata.pl\/index.php?rest_route=\/wp\/v2\/types\/page"}],"author":[{"embeddable":true,"href":"https:\/\/lasschata.pl\/index.php?rest_route=\/wp\/v2\/users\/1"}],"replies":[{"embeddable":true,"href":"https:\/\/lasschata.pl\/index.php?rest_route=%2Fwp%2Fv2%2Fcomments&post=19"}],"version-history":[{"count":18,"href":"https:\/\/lasschata.pl\/index.php?rest_route=\/wp\/v2\/pages\/19\/revisions"}],"predecessor-version":[{"id":310,"href":"https:\/\/lasschata.pl\/index.php?rest_route=\/wp\/v2\/pages\/19\/revisions\/310"}],"wp:attachment":[{"href":"https:\/\/lasschata.pl\/index.php?rest_route=%2Fwp%2Fv2%2Fmedia&parent=19"}],"curies":[{"name":"wp","href":"https:\/\/api.w.org\/{rel}","templated":true}]}}