{"id":196,"date":"2022-02-02T20:21:20","date_gmt":"2022-02-02T20:21:20","guid":{"rendered":"https:\/\/lasschata.pl\/?page_id=196"},"modified":"2023-02-16T04:48:27","modified_gmt":"2023-02-16T04:48:27","slug":"regulamin","status":"publish","type":"page","link":"https:\/\/lasschata.pl\/?page_id=196","title":{"rendered":"WA\u017bNE INFORMACJE!"},"content":{"rendered":"\n<h4 class=\"has-text-align-center wp-block-heading\" id=\"ceny\">CENY<\/h4>\n\n\n\n<p class=\"has-text-align-center\">Ceny zale\u017c\u0105 od sezonu i d\u0142ugo\u015bci pobytu,<br>najlepiej ustali\u0107 je dzwoni\u0105c do w\u0142a\u015bcicieli domku.<br>Kontakt: 512 808 454<\/p>\n\n\n\n<h4 class=\"has-text-align-center wp-block-heading\" id=\"doba-hotelowa\">DOBA HOTELOWA<\/h4>\n\n\n\n<p class=\"has-text-align-center\">Domki wynajmowane s\u0105 w systemie dobowym, <br>gdzie doba zaczyna si\u0119 o godz. 15.00 w dniu przyjazdu, <br>a ko\u0144czy o godz. 10.00 w dniu wyjazdu.<\/p>\n\n\n\n<h4 class=\"has-text-align-center wp-block-heading\" id=\"zadatek\">ZADATEK<\/h4>\n\n\n\n<p class=\"has-text-align-center\">Potwierdzeniem rezerwacji jest wp\u0142ata zadatku <br>w wysoko\u015bci 30% ceny pobytu<br> w terminie 2 dni od momentu rezerwacji. <br>Zadatek jest bezzwrotny.<\/p>\n\n\n\n<h4 class=\"has-text-align-center wp-block-heading\" id=\"platnosc-za-pobyt\">P\u0141ATNO\u015a\u0106 ZA POBYT<\/h4>\n\n\n\n<p class=\"has-text-align-center\">Go\u015bcie zobowi\u0105zani s\u0105 do uregulowania nale\u017cno\u015bci za ca\u0142y pobyt &nbsp;z g\u00f3ry,<br>&nbsp;w pierwszym dniu zakwaterowania.<\/p>\n\n\n\n<h4 class=\"has-text-align-center wp-block-heading\" id=\"rezygnacja\">REZYGNACJA<\/h4>\n\n\n\n<p class=\"has-text-align-center\">Nie pojawienia si\u0119 Go\u015bcia w domku do godz. 22:00 w dniu zakwaterowania,<br>bez wcze\u015bniejszego powiadomienia, <br>jest r\u00f3wnoznaczne z rezygnacj\u0105 z pobytu oraz utrat\u0105 zadatku.<\/p>\n\n\n\n<h4 class=\"has-text-align-center wp-block-heading\" id=\"kaucja\">KAUCJA<\/h4>\n\n\n\n<p class=\"has-text-align-center\">W dniu przyjazdu pobieramy kaucj\u0119 zwrotn\u0105 w wysoko\u015bci 300 z\u0142otych.<\/p>\n\n\n\n<h4 class=\"has-text-align-center wp-block-heading\">SPRAWD\u0179 DOST\u0118PNO\u015a\u0106<\/h4>\n\n\n<p><iframe id=\"ra-reservation-form-v2-aa04d748d39604a76ed99d744d9992d3\" style=\"width: 100%; height:100px; border: none; padding: 0;\" src=\"https:\/\/roomadmin.pl\/widget\/reservation-v2\/start?fh=85bdcb9b059bb16894f405f7a01e04a6658e3391&#038;style=%7B%22color_accent%22%3A%22%23000000%22%2C%22color_bg%22%3A%22%23FFFFFF%22%7D&#038;\"><\/iframe> <script> try { (function () { var iframe = window.document.getElementById('ra-reservation-form-v2-aa04d748d39604a76ed99d744d9992d3'); function raMessageReceiver(event) { if (iframe) { if(!event.data.sender || \"reservation-form-aa04d748d39604a76ed99d744d9992d3\" !== event.data.sender){ return; } if (event.data.height) { iframe.style.height = (event.data.height + 10) + \"px\"; } if (event.data.event && event.data.event.name === \"widget.scrollup.requested\") { try { iframe.scrollIntoView({behavior: \"smooth\", block: \"start\"}); } catch(e) {} } if(event.data.event && event.data.event.name === \"reservation.submit.success\"){ \/*console.log(event.data.event.data.reservation); *\/ } if(event.data.event && event.data.event.name === \"reservation.variant-search.start\"){ \/*console.log(\"variant search started\"); *\/ } } } window.addEventListener(\"message\", raMessageReceiver, false); function setup() { try { iframe.contentWindow.postMessage({ location: window.location.toString(), setup: { autoHeight: true, senderName : \"reservation-form-aa04d748d39604a76ed99d744d9992d3\" } }, \"*\"); } catch (e) { } } setInterval(setup, 1000); iframe.addEventListener(\"load\", setup); })(); } catch (e) { console.error(e); } <\/script><\/p>\n","protected":false},"excerpt":{"rendered":"<p>CENY Ceny zale\u017c\u0105 od sezonu i d\u0142ugo\u015bci pobytu,najlepiej ustali\u0107 je dzwoni\u0105c do w\u0142a\u015bcicieli domku.Kontakt: 512 808 454 DOBA HOTELOWA Domki wynajmowane s\u0105 w systemie dobowym, gdzie doba zaczyna si\u0119 o godz. 15.00 w dniu przyjazdu, a ko\u0144czy o godz. 10.00 w dniu wyjazdu. ZADATEK Potwierdzeniem rezerwacji jest wp\u0142ata zadatku w wysoko\u015bci 30% ceny pobytu w terminie 2 dni od momentu rezerwacji. Zadatek jest bezzwrotny. P\u0141ATNO\u015a\u0106 ZA POBYT Go\u015bcie zobowi\u0105zani s\u0105 do uregulowania nale\u017cno\u015bci za ca\u0142y pobyt &nbsp;z g\u00f3ry,&nbsp;w pierwszym dniu zakwaterowania. REZYGNACJA Nie pojawienia si\u0119 Go\u015bcia w domku do godz. 22:00 w dniu zakwaterowania,bez wcze\u015bniejszego powiadomienia, jest r\u00f3wnoznaczne z rezygnacj\u0105 z pobytu oraz utrat\u0105 zadatku. KAUCJA W dniu przyjazdu pobieramy kaucj\u0119 zwrotn\u0105 w wysoko\u015bci 300 z\u0142otych. SPRAWD\u0179 DOST\u0118PNO\u015a\u0106<\/p>\n","protected":false},"author":1,"featured_media":0,"parent":0,"menu_order":0,"comment_status":"closed","ping_status":"closed","template":"","meta":{"footnotes":""},"class_list":["post-196","page","type-page","status-publish","hentry"],"_links":{"self":[{"href":"https:\/\/lasschata.pl\/index.php?rest_route=\/wp\/v2\/pages\/196","targetHints":{"allow":["GET"]}}],"collection":[{"href":"https:\/\/lasschata.pl\/index.php?rest_route=\/wp\/v2\/pages"}],"about":[{"href":"https:\/\/lasschata.pl\/index.php?rest_route=\/wp\/v2\/types\/page"}],"author":[{"embeddable":true,"href":"https:\/\/lasschata.pl\/index.php?rest_route=\/wp\/v2\/users\/1"}],"replies":[{"embeddable":true,"href":"https:\/\/lasschata.pl\/index.php?rest_route=%2Fwp%2Fv2%2Fcomments&post=196"}],"version-history":[{"count":6,"href":"https:\/\/lasschata.pl\/index.php?rest_route=\/wp\/v2\/pages\/196\/revisions"}],"predecessor-version":[{"id":388,"href":"https:\/\/lasschata.pl\/index.php?rest_route=\/wp\/v2\/pages\/196\/revisions\/388"}],"wp:attachment":[{"href":"https:\/\/lasschata.pl\/index.php?rest_route=%2Fwp%2Fv2%2Fmedia&parent=196"}],"curies":[{"name":"wp","href":"https:\/\/api.w.org\/{rel}","templated":true}]}}